{"id":10,"date":"2022-04-07T00:11:11","date_gmt":"2022-04-06T22:11:11","guid":{"rendered":"http:\/\/152.228.172.177\/?page_id=10"},"modified":"2024-12-08T10:15:32","modified_gmt":"2024-12-08T09:15:32","slug":"blog","status":"publish","type":"page","link":"https:\/\/www.lavigie-errobizain.org\/index.php\/blog\/","title":{"rendered":"Historique"},"content":{"rendered":"\n<ul class=\"wp-block-list\">\n<li>Juillet 2014 Crue \u2018\u2019centenaire\u2019\u2019 6,14 m<\/li>\n\n\n\n<li>D\u00e9cembre 2019 Crue 5,07 m<\/li>\n\n\n\n<li>D\u00e9cembre 2021 Crue 5,84 m<\/li>\n\n\n\n<li>F\u00e9vrier 2022&nbsp;: transformation du collectif de riverains en association La Vigie Errobi Zain<\/li>\n<\/ul>\n\n\n\n<div style=\"height:30px\" aria-hidden=\"true\" class=\"wp-block-spacer\"><\/div>\n\n\n\n<h2 class=\"wp-block-heading\">Nos participations et actions<\/h2>\n\n\n\n<p><strong>2022<\/strong><\/p>\n\n\n\n<ul class=\"wp-block-list\">\n<li>Echanges courriers avec la Pr\u00e9fecture, la CAPB et Pr\u00e9sentation de l\u2019association aupr\u00e8s de certaines mairies du bord de Nive<\/li>\n\n\n\n<li>Echanges avec certaines Appellations agricoles SIQO touch\u00e9es par les inondations (INAO, fili\u00e8re Kiwi de l\u2019Adour, Syndicat de l\u2019AOP piment d\u2019Espelette)<\/li>\n\n\n\n<li>Intervention de L V E Z \u00e0 l\u2019Assembl\u00e9e G\u00e9n\u00e9rale du Syndicat de l\u2019AOP piment d\u2019Espelette<\/li>\n\n\n\n<li>Participation \u00e0 une r\u00e9union PAPI (Programmes d\u2019Actions de Pr\u00e9vention des Inondations) Nive &nbsp;avec les Agriculteurs impact\u00e9s&nbsp;\/ CAPB \/ Mairies de Larressore &amp; Halsou<\/li>\n\n\n\n<li>Pr\u00e9sence \u00e0 la r\u00e9union publique R\u00e9sidents inond\u00e9s bassusartars \/ CAPB \/ Mairie de Bassussary&nbsp;<\/li>\n\n\n\n<li>R\u00e9unions en pr\u00e9sentiel entre adh\u00e9rents L V E Z.<\/li>\n<\/ul>\n\n\n\n<p><strong>2023<\/strong><\/p>\n\n\n\n<ul class=\"wp-block-list\">\n<li>Echanges r\u00e9guliers entre L V E Z et la CAPB<\/li>\n\n\n\n<li>R\u00e9unions en pr\u00e9sentiel entre adh\u00e9rents L V E Z<\/li>\n\n\n\n<li>R\u00e9union de travail CAPB \/ L V E Z au domaine Castanche \u2013 Historique des crues et entretiens de la plaine de la Nive<\/li>\n\n\n\n<li>Participation \u00e0 une r\u00e9union PAPI Nive avec les Agriculteurs impact\u00e9s&nbsp;\/ CAPB \/ Mairies de Larressore &amp; Halsou<\/li>\n\n\n\n<li>Assembl\u00e9e G\u00e9n\u00e9rale L V E Z<\/li>\n\n\n\n<li>Admission de L V E Z \u00e0 la Commission technique COTEC PAPI Nive de la CAPB<\/li>\n\n\n\n<li>D\u00e9monstration sur site &nbsp;par l\u2019entreprise FlowStop d\u2019un batardeau gonflable prim\u00e9 Lepine<\/li>\n\n\n\n<li>Participation aux journ\u00e9es de l\u2019O de la CAPB<\/li>\n\n\n\n<li>Participation \u00e0 une r\u00e9union sur l\u2019hydrologie r\u00e9g\u00e9n\u00e9rative<\/li>\n\n\n\n<li>Adh\u00e9sion de L V E Z \u00e0 l\u2019UNALCI France Inondation (Union National des Associations de Lutte contre les Inondations)<\/li>\n\n\n\n<li>Candidature et &nbsp;\u00e9lection de M Damois L V E Z au Conseil d\u2019administration UNALCI.<\/li>\n<\/ul>\n\n\n\n<p><strong>2024<\/strong><\/p>\n\n\n\n<ul class=\"wp-block-list\">\n<li>Echanges r\u00e9guliers entre L V E Z et la CAPB<\/li>\n\n\n\n<li>R\u00e9unions en pr\u00e9sentiel entre adh\u00e9rents L V E Z<\/li>\n\n\n\n<li>Participation \u00e0 une r\u00e9union PAPI Nive &nbsp;Agriculteurs impact\u00e9s&nbsp;\/ CAPB \/ Mairies de Larressore &amp; Halsou<\/li>\n\n\n\n<li>Assembl\u00e9e G\u00e9n\u00e9rale L V E Z avec la participation de la CAPB MM Ribes &amp; Castillon<\/li>\n\n\n\n<li>Participation \u00e0 une r\u00e9union R\u00e9sidents inond\u00e9s camboards&nbsp;\/ CAPB \/ Mairie de Cambo-les- bains<\/li>\n\n\n\n<li>R\u00e9union de coordination entre associations de d\u00e9fense des riverains inond\u00e9s par la Nive Alciba\/ Anglet Sutar\/ L V E Z<\/li>\n\n\n\n<li>Participation au COTEC PAPI Nive CAPB \u00e0 Ustaritz<\/li>\n\n\n\n<li>Participation au COPIL PAPI Nive CAPB \u00e0 Saint Jean le Vieux<\/li>\n\n\n\n<li>Obtention pour L V E Z du statut d\u2019Organisme d\u2019int\u00e9r\u00eat g\u00e9n\u00e9ral.<\/li>\n<\/ul>\n\n\n\n<p><em>Au sein de l\u2019Unalci France Inondations 2024&nbsp;:<\/em><\/p>\n\n\n\n<ul class=\"wp-block-list\">\n<li><em>Lettre ouverte au Pr\u00e9sident de la R\u00e9publique&nbsp;:<\/em> <em><a href=\"https:\/\/www.unalci-france-inondations.org\/2024\/01\/16\/lettre-ouverte-president-macron-janvier2024\/\">https:\/\/www.unalci-france-inondations.org\/2024\/01\/16\/lettre-ouverte-president-macron-janvier2024\/<\/a><\/em><\/li>\n\n\n\n<li>Participation \u00e0 l\u2019Assembl\u00e9e G\u00e9n\u00e9rale UNALCI \u00e0 Vallabr\u00e8gues (30), commune&nbsp; expos\u00e9e aux crues des Gard, Rh\u00f4ne et Brian\u00e7on.<\/li>\n\n\n\n<li>Participation aux diff\u00e9rents Conseils d\u2019Administration<\/li>\n\n\n\n<li>Participation \u00e0 l\u2019audition de la Commission d\u2019Enqu\u00eate du S\u00e9nat sur \u2018\u2019Les causes et cons\u00e9quence des catastrophes naturelles inondations et pr\u00e9conisations\u2019\u2019 (Rapport JF Rapin &amp; JY Roux)&nbsp;: <a href=\"https:\/\/www.unalci-france-inondations.org\/2024\/05\/14\/unalci-auditee-par-igedd-2\/\">https:\/\/www.unalci-france-inondations.org\/2024\/05\/14\/unalci-auditee-par-igedd-2\/<\/a><\/li>\n\n\n\n<li>Participation \u00e0 l\u2019op\u00e9ration de \u2018\u2019Sensibilisation \u00e0 la culture du risque inondations\u2019\u2019 organis\u00e9e par le Syndicat Mixte du Bassin du Lot \u00e0 Cahors (46)<\/li>\n\n\n\n<li>Entretien de collaboration avec la Fondation de France \u2013 Programme \u2018\u2019Pr\u00e9venir et agir face aux catastrophes\u2019\u2019<\/li>\n\n\n\n<li>Participation \u00e0 une table ronde au S\u00e9nat sur une \u2018\u2019Proposition de&nbsp; loi sur le r\u00e9gime d\u2019indemnisation des catastrophes naturelles\u2019\u2019 (P Martin)<\/li>\n\n\n\n<li>Lettre ouverte au gouvernement et s\u00e9nat sur le Fonds Barnier<\/li>\n<\/ul>\n\n\n\n<p><\/p>\n","protected":false},"excerpt":{"rendered":"<p>Nos participations et actions 2022 2023 2024 Au sein de l\u2019Unalci France Inondations 2024&nbsp;:<\/p>\n","protected":false},"author":2,"featured_media":0,"parent":0,"menu_order":0,"comment_status":"closed","ping_status":"closed","template":"","meta":{"neve_meta_sidebar":"","neve_meta_container":"","neve_meta_enable_content_width":"","neve_meta_content_width":0,"neve_meta_title_alignment":"","neve_meta_author_avatar":"","neve_post_elements_order":"","neve_meta_disable_header":"","neve_meta_disable_footer":"","neve_meta_disable_title":"","footnotes":""},"class_list":["post-10","page","type-page","status-publish","hentry"],"_links":{"self":[{"href":"https:\/\/www.lavigie-errobizain.org\/index.php\/wp-json\/wp\/v2\/pages\/10","targetHints":{"allow":["GET"]}}],"collection":[{"href":"https:\/\/www.lavigie-errobizain.org\/index.php\/wp-json\/wp\/v2\/pages"}],"about":[{"href":"https:\/\/www.lavigie-errobizain.org\/index.php\/wp-json\/wp\/v2\/types\/page"}],"author":[{"embeddable":true,"href":"https:\/\/www.lavigie-errobizain.org\/index.php\/wp-json\/wp\/v2\/users\/2"}],"replies":[{"embeddable":true,"href":"https:\/\/www.lavigie-errobizain.org\/index.php\/wp-json\/wp\/v2\/comments?post=10"}],"version-history":[{"count":13,"href":"https:\/\/www.lavigie-errobizain.org\/index.php\/wp-json\/wp\/v2\/pages\/10\/revisions"}],"predecessor-version":[{"id":265,"href":"https:\/\/www.lavigie-errobizain.org\/index.php\/wp-json\/wp\/v2\/pages\/10\/revisions\/265"}],"wp:attachment":[{"href":"https:\/\/www.lavigie-errobizain.org\/index.php\/wp-json\/wp\/v2\/media?parent=10"}],"curies":[{"name":"wp","href":"https:\/\/api.w.org\/{rel}","templated":true}]}}